{"id":9,"date":"2025-10-28T18:58:24","date_gmt":"2025-10-28T18:58:24","guid":{"rendered":"https:\/\/machaco.ar\/about-us\/"},"modified":"2025-12-11T12:33:28","modified_gmt":"2025-12-11T12:33:28","slug":"sobre-nosotros","status":"publish","type":"page","link":"https:\/\/machaco.ar\/en\/sobre-nosotros\/","title":{"rendered":"About Us"},"content":{"rendered":"<div data-elementor-type=\"wp-page\" data-elementor-id=\"9\" class=\"elementor elementor-9\">\n\t\t\t\t<div class=\"elementor-element elementor-element-cfd4cfe e-flex e-con-boxed e-con e-parent\" data-id=\"cfd4cfe\" data-element_type=\"container\" data-settings=\"{&quot;background_background&quot;:&quot;classic&quot;}\">\n\t\t\t\t\t<div class=\"e-con-inner\">\n\t\t<div class=\"elementor-element elementor-element-4594d91 e-con-full e-flex e-con e-child\" data-id=\"4594d91\" data-element_type=\"container\">\n\t\t<div class=\"elementor-element elementor-element-ebc0b8c e-con-full e-flex e-con e-child\" data-id=\"ebc0b8c\" data-element_type=\"container\">\n\t\t<div class=\"elementor-element elementor-element-b672023 e-con-full e-flex e-con e-child\" data-id=\"b672023\" data-element_type=\"container\">\n\t\t\t\t<div class=\"elementor-element elementor-element-742d4a5 elementor-widget elementor-widget-heading\" data-id=\"742d4a5\" data-element_type=\"widget\" data-widget_type=\"heading.default\">\n\t\t\t\t<div class=\"elementor-widget-container\">\n\t\t\t\t\t<h1 class=\"elementor-heading-title elementor-size-default\">About Us<\/h1>\t\t\t\t<\/div>\n\t\t\t\t<\/div>\n\t\t\t\t<\/div>\n\t\t\t\t<\/div>\n\t\t\t\t<\/div>\n\t\t\t\t\t<\/div>\n\t\t\t\t<\/div>\n\t\t<div class=\"elementor-element elementor-element-7bedb9c e-flex e-con-boxed e-con e-parent\" data-id=\"7bedb9c\" data-element_type=\"container\" data-settings=\"{&quot;background_background&quot;:&quot;gradient&quot;}\">\n\t\t\t\t\t<div class=\"e-con-inner\">\n\t\t<div class=\"elementor-element elementor-element-428a473 e-con-full e-flex e-con e-child\" data-id=\"428a473\" data-element_type=\"container\">\n\t\t<div class=\"elementor-element elementor-element-a6cc493 e-con-full e-flex e-con e-child\" data-id=\"a6cc493\" data-element_type=\"container\">\n\t\t<div class=\"elementor-element elementor-element-b978c66 e-con-full e-flex e-con e-child\" data-id=\"b978c66\" data-element_type=\"container\">\n\t\t\t\t<div class=\"elementor-element elementor-element-939e56d elementor-widget elementor-widget-image\" data-id=\"939e56d\" data-element_type=\"widget\" data-widget_type=\"image.default\">\n\t\t\t\t<div class=\"elementor-widget-container\">\n\t\t\t\t\t\t\t\t\t\t\t\t\t\t\t<img fetchpriority=\"high\" decoding=\"async\" width=\"2560\" height=\"1707\" src=\"https:\/\/machaco.ar\/wp-content\/uploads\/2025\/10\/CALM-1701-scaled-1.jpg\" class=\"attachment-full size-full wp-image-1807\" alt=\"\" srcset=\"https:\/\/machaco.ar\/wp-content\/uploads\/2025\/10\/CALM-1701-scaled-1.jpg 2560w, https:\/\/machaco.ar\/wp-content\/uploads\/2025\/10\/CALM-1701-scaled-1-300x200.jpg 300w, https:\/\/machaco.ar\/wp-content\/uploads\/2025\/10\/CALM-1701-scaled-1-1024x683.jpg 1024w, https:\/\/machaco.ar\/wp-content\/uploads\/2025\/10\/CALM-1701-scaled-1-768x512.jpg 768w, https:\/\/machaco.ar\/wp-content\/uploads\/2025\/10\/CALM-1701-scaled-1-1536x1024.jpg 1536w, https:\/\/machaco.ar\/wp-content\/uploads\/2025\/10\/CALM-1701-scaled-1-2048x1366.jpg 2048w\" sizes=\"(max-width: 2560px) 100vw, 2560px\" \/>\t\t\t\t\t\t\t\t\t\t\t\t\t\t\t<\/div>\n\t\t\t\t<\/div>\n\t\t\t\t<\/div>\n\t\t\t\t<\/div>\n\t\t\t\t<\/div>\n\t\t<div class=\"elementor-element elementor-element-51a7db6 e-con-full e-flex e-con e-child\" data-id=\"51a7db6\" data-element_type=\"container\">\n\t\t\t\t<div class=\"elementor-element elementor-element-4ab6d00 elementor-widget elementor-widget-heading\" data-id=\"4ab6d00\" data-element_type=\"widget\" data-widget_type=\"heading.default\">\n\t\t\t\t<div class=\"elementor-widget-container\">\n\t\t\t\t\t<h6 class=\"elementor-heading-title elementor-size-default\">Machaco Films<\/h6>\t\t\t\t<\/div>\n\t\t\t\t<\/div>\n\t\t\t\t<div class=\"elementor-element elementor-element-aa0fcca elementor-widget elementor-widget-text-editor\" data-id=\"aa0fcca\" data-element_type=\"widget\" data-widget_type=\"text-editor.default\">\n\t\t\t\t<div class=\"elementor-widget-container\">\n\t\t\t\t\t\t\t\t\t<p data-start=\"92\" data-end=\"371\">MACHACO FILMS SRL es una empresa argentina dedicada a la producci\u00f3n y realizaci\u00f3n audiovisual con vocaci\u00f3n a la coproducci\u00f3n internacional, fundada por Fernando D\u00edaz, productor, director y guionista de reconocida trayectoria.<br \/>Entre sus numerosos proyectos y premios internacionales, se destacan en los \u00faltimos a\u00f1os pel\u00edculas que marcaron un hito en el cine de terror entre las que se destaca <br \/>\u201cCUANDO ACECHA LA MALDAD \u201c, del reconocido director Demian Rugna, coproducida con la plataforma Shudder \/AMC, \u201cATERRADOS\u201d dirigida tambi\u00e9n por Demian Rugna, y recientemente la coproducci\u00f3n argentino-uruguaya \u201cEL SUSURRO\u201d dirigida por Gustavo Hern\u00e1ndez, seleccionada en Competencia oficial Sitges 2025.<br \/>Entre otros proyectos se destacan tambi\u00e9n, \u201cLUZ MALA\u201d de Juan Schmidt, \u201cUN MUNDO PARA JULIUS\u201d de Rossana D\u00edaz Costa adaptaci\u00f3n de la novela hom\u00f3nima de Alfredo Bryce Echenique y \u201cLA EXTRANJERA \u201c y \u201c PLAZA DE ALMAS\u201d de Fernando D\u00edaz, entre otros tantos.<\/p>\t\t\t\t\t\t\t\t<\/div>\n\t\t\t\t<\/div>\n\t\t\t\t<\/div>\n\t\t\t\t\t<\/div>\n\t\t\t\t<\/div>\n\t\t<div class=\"elementor-element elementor-element-65f8ec5 e-flex e-con-boxed e-con e-parent\" data-id=\"65f8ec5\" data-element_type=\"container\" data-settings=\"{&quot;background_background&quot;:&quot;gradient&quot;}\">\n\t\t\t\t\t<div class=\"e-con-inner\">\n\t\t<div class=\"elementor-element elementor-element-e76c197 e-con-full e-flex e-con e-child\" data-id=\"e76c197\" data-element_type=\"container\">\n\t\t<div class=\"elementor-element elementor-element-4a870d9 e-con-full e-flex e-con e-child\" data-id=\"4a870d9\" data-element_type=\"container\">\n\t\t<div class=\"elementor-element elementor-element-b3976e3 e-con-full e-flex e-con e-child\" data-id=\"b3976e3\" data-element_type=\"container\">\n\t\t<div class=\"elementor-element elementor-element-b4ed46c e-con-full e-flex e-con e-child\" data-id=\"b4ed46c\" data-element_type=\"container\">\n\t\t\t\t<div class=\"elementor-element elementor-element-4a28a73 elementor-widget elementor-widget-heading\" data-id=\"4a28a73\" data-element_type=\"widget\" data-widget_type=\"heading.default\">\n\t\t\t\t<div class=\"elementor-widget-container\">\n\t\t\t\t\t<h6 class=\"elementor-heading-title elementor-size-default\">Fernando Diaz<\/h6>\t\t\t\t<\/div>\n\t\t\t\t<\/div>\n\t\t\t\t<\/div>\n\t\t\t\t<div class=\"elementor-element elementor-element-eafca02 elementor-widget elementor-widget-text-editor\" data-id=\"eafca02\" data-element_type=\"widget\" data-widget_type=\"text-editor.default\">\n\t\t\t\t<div class=\"elementor-widget-container\">\n\t\t\t\t\t\t\t\t\t<p>FERNANDO D\u00cdAZ, productor, director y guionista argentino con m\u00e1s de 30 a\u00f1os de trayectoria y m\u00e1s de 50 premios nacionales e internacionales. Fundador de MACHACO FILMS SRL, Ganador de Historias Breves Cero con RUB\u00c9N, EL MURCI\u00c9LAGO y del Concurso de \u00d3peras Primas del INCAA con PLAZA DE ALMAS. Durante su etapa en Francia, realiza 15 documentales por varios pa\u00edses de Latinoam\u00e9rica para dos series del canal franco-alem\u00e1n ARTE. De regreso en Argentina, filma la EXTRANJERA y el documental MONUMENTO.<\/p><p>En los \u00faltimos a\u00f1os se destaca como productor en el cine de terror, produciendo \u00e9xitos internacionales como \u201cATERRADOS\u201d de Demian Rugna que se convirti\u00f3 en un emblema del cine de g\u00e9nero y \u201cCUANDO ACECHA LA MALDAD\u201c, Su \u00faltima producci\u00f3n &#8221; EL SUSURRO\u201d del prestigioso director uruguayo Gustavo Hernandez, tuvo su estreno mundial en la competencia oficial del festival de SITGES 2025.<\/p>\t\t\t\t\t\t\t\t<\/div>\n\t\t\t\t<\/div>\n\t\t\t\t<\/div>\n\t\t\t\t<\/div>\n\t\t\t\t<\/div>\n\t\t\t\t<div class=\"elementor-element elementor-element-658da53 elementor-widget elementor-widget-image\" data-id=\"658da53\" data-element_type=\"widget\" data-widget_type=\"image.default\">\n\t\t\t\t<div class=\"elementor-widget-container\">\n\t\t\t\t\t\t\t\t\t\t\t\t\t\t\t<img decoding=\"async\" width=\"1372\" height=\"1599\" src=\"https:\/\/machaco.ar\/wp-content\/uploads\/2025\/11\/650a9a17-dd34-4c0e-bdd2-59c63b604bdb.jpg\" class=\"attachment-full size-full wp-image-1921\" alt=\"\" srcset=\"https:\/\/machaco.ar\/wp-content\/uploads\/2025\/11\/650a9a17-dd34-4c0e-bdd2-59c63b604bdb.jpg 1372w, https:\/\/machaco.ar\/wp-content\/uploads\/2025\/11\/650a9a17-dd34-4c0e-bdd2-59c63b604bdb-257x300.jpg 257w, https:\/\/machaco.ar\/wp-content\/uploads\/2025\/11\/650a9a17-dd34-4c0e-bdd2-59c63b604bdb-879x1024.jpg 879w, https:\/\/machaco.ar\/wp-content\/uploads\/2025\/11\/650a9a17-dd34-4c0e-bdd2-59c63b604bdb-768x895.jpg 768w, https:\/\/machaco.ar\/wp-content\/uploads\/2025\/11\/650a9a17-dd34-4c0e-bdd2-59c63b604bdb-1318x1536.jpg 1318w\" sizes=\"(max-width: 1372px) 100vw, 1372px\" \/>\t\t\t\t\t\t\t\t\t\t\t\t\t\t\t<\/div>\n\t\t\t\t<\/div>\n\t\t\t\t\t<\/div>\n\t\t\t\t<\/div>\n\t\t<div class=\"elementor-element elementor-element-4b825df e-flex e-con-boxed e-con e-parent\" data-id=\"4b825df\" data-element_type=\"container\" data-settings=\"{&quot;background_background&quot;:&quot;classic&quot;}\">\n\t\t\t\t\t<div class=\"e-con-inner\">\n\t\t<div class=\"elementor-element elementor-element-b8dbd35 e-con-full e-flex e-con e-child\" data-id=\"b8dbd35\" data-element_type=\"container\">\n\t\t<div class=\"elementor-element elementor-element-6a4b933 e-con-full e-flex e-con e-child\" data-id=\"6a4b933\" data-element_type=\"container\">\n\t\t<div class=\"elementor-element elementor-element-f9439a5 e-con-full e-flex e-con e-child\" data-id=\"f9439a5\" data-element_type=\"container\">\n\t\t\t\t<\/div>\n\t\t\t\t<\/div>\n\t\t<div class=\"elementor-element elementor-element-a197418 e-flex e-con-boxed e-con e-child\" data-id=\"a197418\" data-element_type=\"container\">\n\t\t\t\t\t<div class=\"e-con-inner\">\n\t\t<div class=\"elementor-element elementor-element-2bd23fe e-con-full e-flex e-con e-child\" data-id=\"2bd23fe\" data-element_type=\"container\">\n\t\t\t\t<div class=\"elementor-element elementor-element-2a3d1f4 elementor-mobile-align-center elementor-widget elementor-widget-button\" data-id=\"2a3d1f4\" data-element_type=\"widget\" data-widget_type=\"button.default\">\n\t\t\t\t<div class=\"elementor-widget-container\">\n\t\t\t\t\t\t\t\t\t<div class=\"elementor-button-wrapper\">\n\t\t\t\t\t<a class=\"elementor-button elementor-button-link elementor-size-sm\" href=\"https:\/\/machaco.ar\/en\/contacto\/\">\n\t\t\t\t\t\t<span class=\"elementor-button-content-wrapper\">\n\t\t\t\t\t\t\t\t\t<span class=\"elementor-button-text\">Contact<\/span>\n\t\t\t\t\t<\/span>\n\t\t\t\t\t<\/a>\n\t\t\t\t<\/div>\n\t\t\t\t\t\t\t\t<\/div>\n\t\t\t\t<\/div>\n\t\t\t\t<\/div>\n\t\t<div class=\"elementor-element elementor-element-2f6b6c5 e-con-full e-flex e-con e-child\" data-id=\"2f6b6c5\" data-element_type=\"container\">\n\t\t\t\t<div class=\"elementor-element elementor-element-b9459b7 elementor-widget elementor-widget-heading\" data-id=\"b9459b7\" data-element_type=\"widget\" data-widget_type=\"heading.default\">\n\t\t\t\t<div class=\"elementor-widget-container\">\n\t\t\t\t\t<h6 class=\"elementor-heading-title elementor-size-default\">EMAIL:<\/h6>\t\t\t\t<\/div>\n\t\t\t\t<\/div>\n\t\t\t\t<div class=\"elementor-element elementor-element-ccc3aeb elementor-widget elementor-widget-heading\" data-id=\"ccc3aeb\" data-element_type=\"widget\" data-widget_type=\"heading.default\">\n\t\t\t\t<div class=\"elementor-widget-container\">\n\t\t\t\t\t<h3 class=\"elementor-heading-title elementor-size-default\"> machaco.adm@gmail.com<\/h3>\t\t\t\t<\/div>\n\t\t\t\t<\/div>\n\t\t\t\t<\/div>\n\t\t\t\t\t<\/div>\n\t\t\t\t<\/div>\n\t\t\t\t<\/div>\n\t\t\t\t\t<\/div>\n\t\t\t\t<\/div>\n\t\t\t\t<\/div>","protected":false},"excerpt":{"rendered":"<p>Sobre Nosotros Machaco Films MACHACO FILMS SRL es una empresa argentina dedicada a la producci\u00f3n y realizaci\u00f3n audiovisual con vocaci\u00f3n a la coproducci\u00f3n internacional, fundada por Fernando D\u00edaz, productor, director y guionista de reconocida trayectoria.Entre sus numerosos proyectos y premios internacionales, se destacan en los \u00faltimos a\u00f1os pel\u00edculas que marcaron un hito en el cine [&hellip;]<\/p>","protected":false},"author":2,"featured_media":0,"parent":0,"menu_order":0,"comment_status":"closed","ping_status":"closed","template":"","meta":{"om_disable_all_campaigns":false,"site-sidebar-layout":"no-sidebar","site-content-layout":"page-builder","ast-site-content-layout":"default","site-content-style":"default","site-sidebar-style":"default","ast-global-header-display":"","ast-banner-title-visibility":"","ast-main-header-display":"","ast-hfb-above-header-display":"","ast-hfb-below-header-display":"","ast-hfb-mobile-header-display":"","site-post-title":"disabled","ast-breadcrumbs-content":"disabled","ast-featured-img":"disabled","footer-sml-layout":"","theme-transparent-header-meta":"enabled","adv-header-id-meta":"","stick-header-meta":"","header-above-stick-meta":"","header-main-stick-meta":"","header-below-stick-meta":"","astra-migrate-meta-layouts":"default","ast-page-background-enabled":"default","ast-page-background-meta":{"desktop":{"background-color":"","background-image":"","background-repeat":"repeat","background-position":"center center","background-size":"auto","background-attachment":"scroll","background-type":"","background-media":"","overlay-type":"","overlay-color":"","overlay-opacity":"","overlay-gradient":""},"tablet":{"background-color":"","background-image":"","background-repeat":"repeat","background-position":"center center","background-size":"auto","background-attachment":"scroll","background-type":"","background-media":"","overlay-type":"","overlay-color":"","overlay-opacity":"","overlay-gradient":""},"mobile":{"background-color":"","background-image":"","background-repeat":"repeat","background-position":"center center","background-size":"auto","background-attachment":"scroll","background-type":"","background-media":"","overlay-type":"","overlay-color":"","overlay-opacity":"","overlay-gradient":""}},"ast-content-background-meta":{"desktop":{"background-color":"var(--ast-global-color-5)","background-image":"","background-repeat":"repeat","background-position":"center center","background-size":"auto","background-attachment":"scroll","background-type":"","background-media":"","overlay-type":"","overlay-color":"","overlay-opacity":"","overlay-gradient":""},"tablet":{"background-color":"var(--ast-global-color-5)","background-image":"","background-repeat":"repeat","background-position":"center center","background-size":"auto","background-attachment":"scroll","background-type":"","background-media":"","overlay-type":"","overlay-color":"","overlay-opacity":"","overlay-gradient":""},"mobile":{"background-color":"var(--ast-global-color-5)","background-image":"","background-repeat":"repeat","background-position":"center center","background-size":"auto","background-attachment":"scroll","background-type":"","background-media":"","overlay-type":"","overlay-color":"","overlay-opacity":"","overlay-gradient":""}},"footnotes":""},"class_list":["post-9","page","type-page","status-publish","hentry"],"_links":{"self":[{"href":"https:\/\/machaco.ar\/en\/wp-json\/wp\/v2\/pages\/9","targetHints":{"allow":["GET"]}}],"collection":[{"href":"https:\/\/machaco.ar\/en\/wp-json\/wp\/v2\/pages"}],"about":[{"href":"https:\/\/machaco.ar\/en\/wp-json\/wp\/v2\/types\/page"}],"author":[{"embeddable":true,"href":"https:\/\/machaco.ar\/en\/wp-json\/wp\/v2\/users\/2"}],"replies":[{"embeddable":true,"href":"https:\/\/machaco.ar\/en\/wp-json\/wp\/v2\/comments?post=9"}],"version-history":[{"count":106,"href":"https:\/\/machaco.ar\/en\/wp-json\/wp\/v2\/pages\/9\/revisions"}],"predecessor-version":[{"id":2977,"href":"https:\/\/machaco.ar\/en\/wp-json\/wp\/v2\/pages\/9\/revisions\/2977"}],"wp:attachment":[{"href":"https:\/\/machaco.ar\/en\/wp-json\/wp\/v2\/media?parent=9"}],"curies":[{"name":"wp","href":"https:\/\/api.w.org\/{rel}","templated":true}]}}